{"id":3962,"date":"2026-04-16T09:34:43","date_gmt":"2026-04-16T09:34:43","guid":{"rendered":"https:\/\/margis.lt\/?post_type=product&#038;p=3962"},"modified":"2026-04-16T09:42:44","modified_gmt":"2026-04-16T09:42:44","slug":"2-nakvyniu-paketas-dviem","status":"publish","type":"product","link":"https:\/\/margis.lt\/en\/product-2\/2-nakvyniu-paketas-dviem\/","title":{"rendered":"2 NAKVYNI\u0172 PAKETAS DVIEM"},"content":{"rendered":"<p data-start=\"393\" data-end=\"501\"><b>\u012e pasi\u016blym\u0105 \u012fskai\u010diuota:<\/b><\/p>\n<p>* 2 nakvyn\u0117s dviem<br \/>\n* Apsilankymas vidaus<strong>\u00a0swimming pool and saunas<\/strong><br \/>\n* Pusry\u010diai<br \/>\n* Nemokama erdvi automobili\u0173 stov\u0117jimo aik\u0161tel\u0117.<br \/>\n* \u017doleli\u0173 arbata poilsio zonoje.<br \/>\n*\u00a0<strong>\u201eMargio novel\u0117\u201c<\/strong>\u00a0\u2013 dovana kiekvienam sve\u010diui<\/p>","protected":false},"excerpt":{"rendered":"<p>\u012e pasi\u016blym\u0105 \u012fskai\u010diuota: * 2 nakvyn\u0117s dviem * Apsilankymas vidaus\u00a0baseine ir pirtyse * Pusry\u010diai * Nemokama erdvi automobili\u0173 stov\u0117jimo aik\u0161tel\u0117. * \u017doleli\u0173 arbata poilsio zonoje. *\u00a0\u201eMargio novel\u0117\u201c\u00a0\u2013 dovana kiekvienam sve\u010diui<\/p>","protected":false},"featured_media":3966,"template":"","meta":[],"product_brand":[],"product_cat":[28],"product_tag":[],"class_list":{"0":"post-3962","1":"product","2":"type-product","3":"status-publish","4":"has-post-thumbnail","6":"product_cat-dovanu-kuponai","8":"first","9":"instock","10":"shipping-taxable","11":"purchasable","12":"product-type-variable"},"_links":{"self":[{"href":"https:\/\/margis.lt\/en\/wp-json\/wp\/v2\/product\/3962","targetHints":{"allow":["GET"]}}],"collection":[{"href":"https:\/\/margis.lt\/en\/wp-json\/wp\/v2\/product"}],"about":[{"href":"https:\/\/margis.lt\/en\/wp-json\/wp\/v2\/types\/product"}],"wp:featuredmedia":[{"embeddable":true,"href":"https:\/\/margis.lt\/en\/wp-json\/wp\/v2\/media\/3966"}],"wp:attachment":[{"href":"https:\/\/margis.lt\/en\/wp-json\/wp\/v2\/media?parent=3962"}],"wp:term":[{"taxonomy":"product_brand","embeddable":true,"href":"https:\/\/margis.lt\/en\/wp-json\/wp\/v2\/product_brand?post=3962"},{"taxonomy":"product_cat","embeddable":true,"href":"https:\/\/margis.lt\/en\/wp-json\/wp\/v2\/product_cat?post=3962"},{"taxonomy":"product_tag","embeddable":true,"href":"https:\/\/margis.lt\/en\/wp-json\/wp\/v2\/product_tag?post=3962"}],"curies":[{"name":"wp","href":"https:\/\/api.w.org\/{rel}","templated":true}]}}