{"id":3908,"date":"2026-04-15T14:20:44","date_gmt":"2026-04-15T14:20:44","guid":{"rendered":"https:\/\/margis.lt\/?post_type=product&#038;p=3908"},"modified":"2026-04-17T13:05:33","modified_gmt":"2026-04-17T13:05:33","slug":"sanariu-stiprinimo-dienos-60","status":"publish","type":"product","link":"https:\/\/margis.lt\/en\/product-2\/sanariu-stiprinimo-dienos-60\/","title":{"rendered":"Poilsio ir sveikatingumo programa su j\u016bros mineralais"},"content":{"rendered":"<p data-start=\"393\" data-end=\"501\">\u0160velni ir atpalaiduojanti sveikatinimo programa, skirta vyresnio am\u017eiaus sve\u010diams, norintiems pagerinti s\u0105nari\u0173 bei raumen\u0173 b\u016bkl\u0119, suma\u017einti \u012ftamp\u0105 ir sustiprinti organizm\u0105 nat\u016braliu b\u016bdu.<\/p>\n<p data-start=\"393\" data-end=\"501\">Proced\u016bros metu naudojamas j\u016brinis kalcis ir j\u016bros dumbliai. \u0160ilumos poveikis padeda atpalaiduoti raumenis, gerina kraujotak\u0105, skatina mineral\u0173 pasisavinim\u0105 ir audini\u0173 regeneracij\u0105.\u00a0Tai saugi, \u0161velni ir maloni proced\u016bra, pritaikyta vyresni\u0173 \u017emoni\u0173 poreikiams.<\/p>\n<p>\u012e pasi\u016blym\u0105 \u012fskai\u010diuota:<\/p>\n<p>* nakvyn\u0117 dviem standartiniame dvivie\u010diame kambaryje 4\u2605 vie\u0161butyje<br \/>\n*\u00a0Pusry\u010diai<br \/>\n*\u00a0Nemokama automobili\u0173 stov\u0117jimo aik\u0161tel\u0117<br \/>\n*\u00a030 min. trukm\u0117s\u00a0kalcio aplikacija s\u0105nariams\u00a0kiekvienam sve\u010diui<br \/>\n*\u00a0\u017doleli\u0173 arbata poilsio zonoje<br \/>\n*\u00a0Vidaus baseinas ir pirtys<br \/>\n*\u00a0\u201eMargio novel\u0117\u201c \u2013 dovana kiekvienam sve\u010diui<\/p>\n<p>Pasi\u016blymas galioja darbo dienomis ne sezono metu (09.01\u201305.31).<\/p>","protected":false},"excerpt":{"rendered":"<p>\u0160velni ir atpalaiduojanti sveikatinimo programa, skirta vyresnio am\u017eiaus sve\u010diams, norintiems pagerinti s\u0105nari\u0173 bei raumen\u0173 b\u016bkl\u0119, suma\u017einti \u012ftamp\u0105 ir sustiprinti organizm\u0105 nat\u016braliu b\u016bdu. Proced\u016bros metu naudojamas j\u016brinis kalcis ir j\u016bros dumbliai. \u0160ilumos poveikis padeda atpalaiduoti raumenis, gerina kraujotak\u0105, skatina mineral\u0173 pasisavinim\u0105 ir audini\u0173 regeneracij\u0105.\u00a0Tai saugi, \u0161velni ir maloni proced\u016bra, pritaikyta vyresni\u0173 \u017emoni\u0173 poreikiams. \u012e pasi\u016blym\u0105 \u012fskai\u010diuota: [&hellip;]<\/p>","protected":false},"featured_media":3911,"template":"","meta":[],"product_brand":[],"product_cat":[28],"product_tag":[],"class_list":{"0":"post-3908","1":"product","2":"type-product","3":"status-publish","4":"has-post-thumbnail","6":"product_cat-dovanu-kuponai","8":"first","9":"instock","10":"shipping-taxable","11":"purchasable","12":"product-type-variable"},"_links":{"self":[{"href":"https:\/\/margis.lt\/en\/wp-json\/wp\/v2\/product\/3908","targetHints":{"allow":["GET"]}}],"collection":[{"href":"https:\/\/margis.lt\/en\/wp-json\/wp\/v2\/product"}],"about":[{"href":"https:\/\/margis.lt\/en\/wp-json\/wp\/v2\/types\/product"}],"wp:featuredmedia":[{"embeddable":true,"href":"https:\/\/margis.lt\/en\/wp-json\/wp\/v2\/media\/3911"}],"wp:attachment":[{"href":"https:\/\/margis.lt\/en\/wp-json\/wp\/v2\/media?parent=3908"}],"wp:term":[{"taxonomy":"product_brand","embeddable":true,"href":"https:\/\/margis.lt\/en\/wp-json\/wp\/v2\/product_brand?post=3908"},{"taxonomy":"product_cat","embeddable":true,"href":"https:\/\/margis.lt\/en\/wp-json\/wp\/v2\/product_cat?post=3908"},{"taxonomy":"product_tag","embeddable":true,"href":"https:\/\/margis.lt\/en\/wp-json\/wp\/v2\/product_tag?post=3908"}],"curies":[{"name":"wp","href":"https:\/\/api.w.org\/{rel}","templated":true}]}}