{"id":3906,"date":"2026-04-15T14:13:49","date_gmt":"2026-04-15T14:13:49","guid":{"rendered":"https:\/\/margis.lt\/?post_type=product&#038;p=3906"},"modified":"2026-04-23T14:21:14","modified_gmt":"2026-04-23T14:21:14","slug":"3-patiekalu-vakariene-dviem","status":"publish","type":"product","link":"https:\/\/margis.lt\/en\/product-2\/3-patiekalu-vakariene-dviem\/","title":{"rendered":"3 PATIEKAL\u0172 VAKARIEN\u0116 DVIEM"},"content":{"rendered":"<p data-start=\"146\" data-end=\"333\"><strong>Romanti\u0161ka trij\u0173 patiekal\u0173 vakarien\u0117 MARGIO restorane<\/strong>.<\/p>\n<p data-start=\"335\" data-end=\"436\">J\u016bs\u0173 laukia jauki atmosfera, i\u0161skirtiniai patiekalai i\u0161 m\u016bs\u0173 meniu (g\u0117rimai ne\u012fskai\u010diuoti) ir laikas, skirtas tik buvimui kartu.<\/p>\n<p data-start=\"438\" data-end=\"485\">","protected":false},"excerpt":{"rendered":"<p>Romanti\u0161ka trij\u0173 patiekal\u0173 vakarien\u0117 MARGIO restorane. J\u016bs\u0173 laukia jauki atmosfera, i\u0161skirtiniai patiekalai i\u0161 m\u016bs\u0173 meniu (g\u0117rimai ne\u012fskai\u010diuoti) ir laikas, skirtas tik buvimui kartu.<\/p>","protected":false},"featured_media":3918,"template":"","meta":[],"product_brand":[],"product_cat":[28],"product_tag":[],"class_list":{"0":"post-3906","1":"product","2":"type-product","3":"status-publish","4":"has-post-thumbnail","6":"product_cat-dovanu-kuponai","8":"first","9":"instock","10":"virtual","11":"purchasable","12":"product-type-simple"},"_links":{"self":[{"href":"https:\/\/margis.lt\/en\/wp-json\/wp\/v2\/product\/3906","targetHints":{"allow":["GET"]}}],"collection":[{"href":"https:\/\/margis.lt\/en\/wp-json\/wp\/v2\/product"}],"about":[{"href":"https:\/\/margis.lt\/en\/wp-json\/wp\/v2\/types\/product"}],"wp:featuredmedia":[{"embeddable":true,"href":"https:\/\/margis.lt\/en\/wp-json\/wp\/v2\/media\/3918"}],"wp:attachment":[{"href":"https:\/\/margis.lt\/en\/wp-json\/wp\/v2\/media?parent=3906"}],"wp:term":[{"taxonomy":"product_brand","embeddable":true,"href":"https:\/\/margis.lt\/en\/wp-json\/wp\/v2\/product_brand?post=3906"},{"taxonomy":"product_cat","embeddable":true,"href":"https:\/\/margis.lt\/en\/wp-json\/wp\/v2\/product_cat?post=3906"},{"taxonomy":"product_tag","embeddable":true,"href":"https:\/\/margis.lt\/en\/wp-json\/wp\/v2\/product_tag?post=3906"}],"curies":[{"name":"wp","href":"https:\/\/api.w.org\/{rel}","templated":true}]}}