{"id":3758,"date":"2026-04-09T18:19:05","date_gmt":"2026-04-09T18:19:05","guid":{"rendered":"https:\/\/margis.lt\/?post_type=product&#038;p=3758"},"modified":"2026-04-23T14:05:01","modified_gmt":"2026-04-23T14:05:01","slug":"kuponas-spa-popiete","status":"publish","type":"product","link":"https:\/\/margis.lt\/en\/product-2\/kuponas-spa-popiete\/","title":{"rendered":"SPA AFTERNOON"},"content":{"rendered":"<div data-block=\"true\" data-editor=\"jsmj\" data-offset-key=\"dm2hj-0-0\">\n<div data-offset-key=\"dm2hj-0-0\">\n<p><span data-offset-key=\"dm2hj-0-0\">SPA AFTERNOON - a fun\u00a0<\/span><span data-offset-key=\"dm2hj-1-0\">time<\/span><span data-offset-key=\"dm2hj-2-0\"> together!<\/span><\/p>\n<\/div>\n<\/div>\n<div data-block=\"true\" data-editor=\"jsmj\" data-offset-key=\"1dst2-0-0\">\n<ul>\n<li><span data-offset-key=\"1dst2-0-0\">Vidaus baseinas su turki\u0161ka ir suomi\u0161ka pirtimis 2 val.<\/span><\/li>\n<li>S\u016bkurinis baseinas.<\/li>\n<li>Piet\u016bs i\u0161 restorano meniu (jei s\u0105skaita restorane vir\u0161ija paketo kain\u0105, sumokamas skirtumas) arba galima rinktis masa\u017e\u0105.<\/li>\n<\/ul>\n<p>Renkantis kupon\u0105 su vaikais atkreipkite d\u0117mes\u012f, kad kaina vaik\u0173 galioja vaikams iki 12 met\u0173. Vyresniems skai\u010diuojama kaina kaip suaugusiam asmeniui.<\/p>\n<\/div>","protected":false},"excerpt":{"rendered":"<p>SPA POPIET\u0116 \u2013 smagus\u00a0laikas kartu! Vidaus baseinas su turki\u0161ka ir suomi\u0161ka pirtimis 2 val. S\u016bkurinis baseinas. Piet\u016bs i\u0161 restorano meniu (jei s\u0105skaita restorane vir\u0161ija paketo kain\u0105, sumokamas skirtumas) arba galima rinktis masa\u017e\u0105. Renkantis kupon\u0105 su vaikais atkreipkite d\u0117mes\u012f, kad kaina vaik\u0173 galioja vaikams iki 12 met\u0173. Vyresniems skai\u010diuojama kaina kaip suaugusiam asmeniui.<\/p>","protected":false},"featured_media":3917,"template":"","meta":[],"product_brand":[],"product_cat":[28],"product_tag":[],"class_list":{"0":"post-3758","1":"product","2":"type-product","3":"status-publish","4":"has-post-thumbnail","6":"product_cat-dovanu-kuponai","8":"first","9":"instock","10":"shipping-taxable","11":"purchasable","12":"product-type-variable"},"_links":{"self":[{"href":"https:\/\/margis.lt\/en\/wp-json\/wp\/v2\/product\/3758","targetHints":{"allow":["GET"]}}],"collection":[{"href":"https:\/\/margis.lt\/en\/wp-json\/wp\/v2\/product"}],"about":[{"href":"https:\/\/margis.lt\/en\/wp-json\/wp\/v2\/types\/product"}],"wp:featuredmedia":[{"embeddable":true,"href":"https:\/\/margis.lt\/en\/wp-json\/wp\/v2\/media\/3917"}],"wp:attachment":[{"href":"https:\/\/margis.lt\/en\/wp-json\/wp\/v2\/media?parent=3758"}],"wp:term":[{"taxonomy":"product_brand","embeddable":true,"href":"https:\/\/margis.lt\/en\/wp-json\/wp\/v2\/product_brand?post=3758"},{"taxonomy":"product_cat","embeddable":true,"href":"https:\/\/margis.lt\/en\/wp-json\/wp\/v2\/product_cat?post=3758"},{"taxonomy":"product_tag","embeddable":true,"href":"https:\/\/margis.lt\/en\/wp-json\/wp\/v2\/product_tag?post=3758"}],"curies":[{"name":"wp","href":"https:\/\/api.w.org\/{rel}","templated":true}]}}