{"id":3187,"date":"2025-03-21T10:38:58","date_gmt":"2025-03-21T10:38:58","guid":{"rendered":"https:\/\/margis.lt\/?page_id=3187"},"modified":"2025-10-21T13:16:50","modified_gmt":"2025-10-21T13:16:50","slug":"mes-ieskome","status":"publish","type":"page","link":"https:\/\/margis.lt\/en\/mes-ieskome\/","title":{"rendered":"We are hiring"},"content":{"rendered":"<div data-elementor-type=\"wp-page\" data-elementor-id=\"3187\" class=\"elementor elementor-3187\">\n\t\t\t\t<div class=\"elementor-element elementor-element-3660b36 e-flex e-con-boxed e-con e-parent\" data-id=\"3660b36\" data-element_type=\"container\" data-settings=\"{&quot;background_background&quot;:&quot;classic&quot;}\">\n\t\t\t\t\t<div class=\"e-con-inner\">\n\t\t\t\t<div class=\"elementor-element elementor-element-211b6b8 elementor-widget__width-initial elementor-widget elementor-widget-heading\" data-id=\"211b6b8\" data-element_type=\"widget\" data-widget_type=\"heading.default\">\n\t\t\t\t<div class=\"elementor-widget-container\">\n\t\t\t\t\t<h2 class=\"elementor-heading-title elementor-size-default\">Kvie\u010diame prisijungti prie komandos<\/h2>\t\t\t\t<\/div>\n\t\t\t\t<\/div>\n\t\t\t\t\t<\/div>\n\t\t\t\t<\/div>\n\t\t<div class=\"elementor-element elementor-element-dd569d2 e-flex e-con-boxed e-con e-parent\" data-id=\"dd569d2\" data-element_type=\"container\">\n\t\t\t\t\t<div class=\"e-con-inner\">\n\t\t\t\t<div class=\"elementor-element elementor-element-6576b07 elementor-widget elementor-widget-text-editor\" data-id=\"6576b07\" data-element_type=\"widget\" data-widget_type=\"text-editor.default\">\n\t\t\t\t<div class=\"elementor-widget-container\">\n\t\t\t\t\t\t\t\t\t<div class=\"fusion-text\"><div class=\"fusion-text\"><p><b>We are hiring<\/b><\/p><ul><li aria-level=\"1\"><b>Waiter \/ Waitress<\/b><\/li><\/ul><p><span style=\"font-weight: 400;\">Our restaurant team is waiting for a confident, energetic colleague who values guests\u2019 smiles.\nIf you have a car, are eager to learn, and take pride in excellent customer service \u2014 your place is with us! <\/span><a href=\"mailto:restoranas@margis.lt\"><span style=\"font-weight: 400;\">restoranas@margis.lt<\/span><\/a><span style=\"font-weight: 400;\"> Phone: +37067130400<\/span><\/p><ul><li aria-level=\"1\"><b>Room Attendant \/ Housekeeper<\/b><\/li><\/ul><p><span style=\"font-weight: 400;\">Is cleanliness and order an important part of your life?\nNot afraid of a rotating work schedule?\nReady to help keep our hotel rooms, spa area, saunas, and public spaces spotless? \u2014 Then you belong with us! <\/span><a href=\"mailto:ekonome@margis.lt\"><span style=\"font-weight: 400;\">ekonome@margis.lt<\/span><\/a><span style=\"font-weight: 400;\"> Pone: +37065557725<\/span><\/p><p><b>We Offer:<\/b><\/p><ul><li style=\"font-weight: 400;\" aria-level=\"1\"><span style=\"font-weight: 400;\">A stable, position-based salary<\/span><\/li><li style=\"font-weight: 400;\" aria-level=\"1\"><span style=\"font-weight: 400;\">Delicious daily lunches<\/span><\/li><li style=\"font-weight: 400;\" aria-level=\"1\"><span style=\"font-weight: 400;\">Hotel perks for you and your family<\/span><\/li><li style=\"font-weight: 400;\" aria-level=\"1\"><span style=\"font-weight: 400;\">Opportunities for growth and professional development<\/span><\/li><li style=\"font-weight: 400;\" aria-level=\"1\"><span style=\"font-weight: 400;\">Rewards for your ideas and contributions to improving our services<\/span><\/li><\/ul><p><em><span style=\"font-weight: 400;\"><strong>MARGIS is a family.<\/strong> We respect and care for our employees, valuing trust, sincerity, and teamwork.\nJoin our family \u2014 and grow together with us!<\/span><\/em><\/p><\/div><\/div>\t\t\t\t\t\t\t\t<\/div>\n\t\t\t\t<\/div>\n\t\t\t\t\t<\/div>\n\t\t\t\t<\/div>\n\t\t\t\t<\/div>","protected":false},"excerpt":{"rendered":"<p>Kvie\u010diame prisijungti prie komandos Mes ie\u0161kome: Padav\u0117jo\/-jos Restorano komanda laukia dr\u0105saus, ver\u017elaus ir vertinan\u010dio sve\u010di\u0173 \u0161ypsenas kolegos. Jei turi automobil\u012f, esi pasiruo\u0161\u0119s mokytis ir ger\u0105ja prasme tarnauti klientui \u2013 Tavo vieta pas mus! Ra\u0161yk restoranas@margis.lt arba skambink +37067130400 Kambari\u0173 tvarkytojo\/-os \u0160vara ir tvarka Tavo gyvenime turi svarb\u0173 vaidmen\u012f? Nebaugina darbas slenkan\u010diu grafiku? Pasiruo\u0161usi\/-\u0119s palaikyti \u0161var\u0105 [&hellip;]<\/p>","protected":false},"author":3,"featured_media":0,"parent":0,"menu_order":0,"comment_status":"closed","ping_status":"closed","template":"","meta":{"footnotes":""},"class_list":["post-3187","page","type-page","status-publish","hentry"],"blocksy_meta":{"has_hero_section":"disabled","styles_descriptor":{"styles":{"desktop":"","tablet":"","mobile":""},"google_fonts":[],"version":6}},"_links":{"self":[{"href":"https:\/\/margis.lt\/en\/wp-json\/wp\/v2\/pages\/3187","targetHints":{"allow":["GET"]}}],"collection":[{"href":"https:\/\/margis.lt\/en\/wp-json\/wp\/v2\/pages"}],"about":[{"href":"https:\/\/margis.lt\/en\/wp-json\/wp\/v2\/types\/page"}],"author":[{"embeddable":true,"href":"https:\/\/margis.lt\/en\/wp-json\/wp\/v2\/users\/3"}],"replies":[{"embeddable":true,"href":"https:\/\/margis.lt\/en\/wp-json\/wp\/v2\/comments?post=3187"}],"version-history":[{"count":16,"href":"https:\/\/margis.lt\/en\/wp-json\/wp\/v2\/pages\/3187\/revisions"}],"predecessor-version":[{"id":3442,"href":"https:\/\/margis.lt\/en\/wp-json\/wp\/v2\/pages\/3187\/revisions\/3442"}],"wp:attachment":[{"href":"https:\/\/margis.lt\/en\/wp-json\/wp\/v2\/media?parent=3187"}],"curies":[{"name":"wp","href":"https:\/\/api.w.org\/{rel}","templated":true}]}}