{"id":2772,"date":"2025-01-23T09:23:44","date_gmt":"2025-01-23T09:23:44","guid":{"rendered":"https:\/\/margis.lt\/?page_id=2772"},"modified":"2025-01-23T09:27:24","modified_gmt":"2025-01-23T09:27:24","slug":"slapuku-politika","status":"publish","type":"page","link":"https:\/\/margis.lt\/en\/slapuku-politika\/","title":{"rendered":"Cookies"},"content":{"rendered":"<div data-elementor-type=\"wp-page\" data-elementor-id=\"2772\" class=\"elementor elementor-2772\">\n\t\t\t\t<div class=\"elementor-element elementor-element-b39b66a e-flex e-con-boxed e-con e-parent\" data-id=\"b39b66a\" data-element_type=\"container\" data-e-type=\"container\">\n\t\t\t\t\t<div class=\"e-con-inner\">\n\t\t\t\t<div class=\"elementor-element elementor-element-104618d elementor-widget elementor-widget-text-editor\" data-id=\"104618d\" data-element_type=\"widget\" data-e-type=\"widget\" data-widget_type=\"text-editor.default\">\n\t\t\t\t<div class=\"elementor-widget-container\">\n\t\t\t\t\t\t\t\t\t<p><strong>COOKIES<\/strong><\/p>\t\t\t\t\t\t\t\t<\/div>\n\t\t\t\t<\/div>\n\t\t\t\t<div class=\"elementor-element elementor-element-66da0ae elementor-widget elementor-widget-text-editor\" data-id=\"66da0ae\" data-element_type=\"widget\" data-e-type=\"widget\" data-widget_type=\"text-editor.default\">\n\t\t\t\t<div class=\"elementor-widget-container\">\n\t\t\t\t\t\t\t\t\t<p>Slapukai (<em>angl.<\/em> Cookies are small text files that a website sends to the cookie file of the visitor\u2019s or user\u2019s web browser, stored on their computer\u2019s hard drive.<\/p><p>You can find more information about cookies and their use on the website <a href=\"http:\/\/www.allaboutcookies.org\/\">www.allaboutcookies.org<\/a>This site also provides instructions on how to remove cookies from your device.<\/p><p>Types of cookies:<\/p><ul><li>Essential cookies \u2013 these cookies are necessary for the visitor\/user to browse the website and use its features (for example, access to secure areas of the site).<\/li><li>Statistical cookies \u2013 these cookies are used to analyze website traffic and visitor statistics. The collected information is aggregated and not personally identifiable.<\/li><li>Functional cookies \u2013 these cookies store information about the visitor\u2019s\/user\u2019s preferences and allow the website experience to be customized to their needs.<\/li><li><strong>Marketing cookies \u2013 these cookies record visits <\/strong>to the website, its pages, and links. The information collected through marketing cookies helps deliver advertisements that are most relevant to the visitor\u2019s interests.\u00a0<\/li><\/ul><p>You can withdraw your consent for cookie collection by contacting us at <a href=\"mailto:info@margis.lt\">info@margis.lt<\/a>You may also withdraw your consent by changing your web browser settings and deleting stored cookies.\u00a0<\/p><p>The website <a href=\"https:\/\/margis.lt\/en\/\">eshopas.margis.lt<\/a> uses the following cookies:<\/p><table width=\"589\"><tbody><tr><td width=\"268\"><p><strong>Cookie name<\/strong><\/p><\/td><td width=\"149\"><p><strong>Cookie description<\/strong><\/p><\/td><td width=\"82\"><p><strong>Time of creation<\/strong><\/p><\/td><td width=\"90\"><p><strong>Cookie duration<\/strong><\/p><\/td><\/tr><tr><td width=\"268\"><p>XSRF-TOKEN<\/p><\/td><td width=\"149\"><p>A cookie designed to enhance the security of the application.<\/p><\/td><td width=\"82\"><p>Upon entering the website<\/p><\/td><td width=\"90\"><p>2 hours<\/p><\/td><\/tr><tr><td width=\"268\"><p>laravel_session<\/p><\/td><td width=\"149\"><p>Session cookie creation<\/p><\/td><td width=\"82\"><p>Upon entering the website<\/p><\/td><td width=\"90\"><p>Until the browser window is closed<\/p><\/td><\/tr><tr><td width=\"268\"><p>&gt;\u00a0_ga<\/p><\/td><td width=\"149\"><p>A statistical Google Analytics cookie that registers a unique ID used to generate statistical data on how the visitor uses the website.<\/p><\/td><td width=\"82\"><p>Upon entering the website<\/p><\/td><td width=\"90\"><p>2 years<\/p><\/td><\/tr><tr><td width=\"268\"><p>&gt;\u00a0_gid<\/p><\/td><td width=\"149\"><p>A statistical Google Analytics cookie that registers a unique ID used to generate statistical data on how the visitor uses the website.<\/p><\/td><td width=\"82\"><p>When the \u201cAccept\u201d button is clicked<\/p><\/td><td width=\"90\"><p>24 hours<\/p><\/td><\/tr><tr><td width=\"268\"><p>agree_with_cookies<\/p><\/td><td width=\"149\"><p>Indicates that the user has agreed to the use of cookies.<\/p><\/td><td width=\"82\"><p>When a room reservation is created<\/p><\/td><td width=\"90\"><p>4 years<\/p><\/td><\/tr><tr><td width=\"268\"><p>extend_reservation_in<\/p><\/td><td width=\"149\"><p>Stores the time until the end of the reservation<\/p><\/td><td width=\"82\">\u00a0<\/td><td width=\"90\"><p>1 day<\/p><\/td><\/tr><\/tbody><\/table>\t\t\t\t\t\t\t\t<\/div>\n\t\t\t\t<\/div>\n\t\t\t\t\t<\/div>\n\t\t\t\t<\/div>\n\t\t\t\t<\/div>","protected":false},"excerpt":{"rendered":"<p>SLAPUKAI Slapukai (angl. cookies) \u2013 tai tekstin\u0117 informacija, kuri\u0105 tinklapis persiun\u010dia \u012f interneto nar\u0161ykl\u0117s slapuk\u0173 fail\u0105 esant\u012f lankytojo\/naudotojo kompiuterio kietajame diske. Daugiau informacijos apie slapukus ir j\u0173 naudojim\u0105 galite rasti interneto svetain\u0117je www.allaboutcookies.org. \u0160ioje interneto svetain\u0117je taip pat pateikiama informacija, kaip pa\u0161alinti slapukus i\u0161 lankytojo\/naudotojo \u012frenginio. Slapuk\u0173 tipai: B\u016btinieji slapukai \u2013 tai slapukai b\u016btini tam, [&hellip;]<\/p>","protected":false},"author":2,"featured_media":0,"parent":0,"menu_order":0,"comment_status":"closed","ping_status":"closed","template":"","meta":{"footnotes":""},"class_list":["post-2772","page","type-page","status-publish","hentry"],"blocksy_meta":{"has_hero_section":"disabled","styles_descriptor":{"styles":{"desktop":"","tablet":"","mobile":""},"google_fonts":[],"version":6}},"_links":{"self":[{"href":"https:\/\/margis.lt\/en\/wp-json\/wp\/v2\/pages\/2772","targetHints":{"allow":["GET"]}}],"collection":[{"href":"https:\/\/margis.lt\/en\/wp-json\/wp\/v2\/pages"}],"about":[{"href":"https:\/\/margis.lt\/en\/wp-json\/wp\/v2\/types\/page"}],"author":[{"embeddable":true,"href":"https:\/\/margis.lt\/en\/wp-json\/wp\/v2\/users\/2"}],"replies":[{"embeddable":true,"href":"https:\/\/margis.lt\/en\/wp-json\/wp\/v2\/comments?post=2772"}],"version-history":[{"count":5,"href":"https:\/\/margis.lt\/en\/wp-json\/wp\/v2\/pages\/2772\/revisions"}],"predecessor-version":[{"id":2777,"href":"https:\/\/margis.lt\/en\/wp-json\/wp\/v2\/pages\/2772\/revisions\/2777"}],"wp:attachment":[{"href":"https:\/\/margis.lt\/en\/wp-json\/wp\/v2\/media?parent=2772"}],"curies":[{"name":"wp","href":"https:\/\/api.w.org\/{rel}","templated":true}]}}