{"id":1978,"date":"2024-10-02T08:51:07","date_gmt":"2024-10-02T08:51:07","guid":{"rendered":"https:\/\/margis.lt\/?page_id=1978"},"modified":"2025-02-10T07:32:36","modified_gmt":"2025-02-10T07:32:36","slug":"renginiai-imonems","status":"publish","type":"page","link":"https:\/\/margis.lt\/en\/renginiai-imonems\/","title":{"rendered":"Events for companies"},"content":{"rendered":"<div data-elementor-type=\"wp-page\" data-elementor-id=\"1978\" class=\"elementor elementor-1978\">\n\t\t\t\t<div class=\"elementor-element elementor-element-62d6165 e-flex e-con-boxed e-con e-parent\" data-id=\"62d6165\" data-element_type=\"container\" data-settings=\"{&quot;background_background&quot;:&quot;classic&quot;}\">\n\t\t\t\t\t<div class=\"e-con-inner\">\n\t\t\t\t<div class=\"elementor-element elementor-element-b2d2f6a elementor-widget elementor-widget-heading\" data-id=\"b2d2f6a\" data-element_type=\"widget\" data-widget_type=\"heading.default\">\n\t\t\t\t<div class=\"elementor-widget-container\">\n\t\t\t\t\t<h2 class=\"elementor-heading-title elementor-size-default\">Events for companies<\/h2>\t\t\t\t<\/div>\n\t\t\t\t<\/div>\n\t\t\t\t<div class=\"elementor-element elementor-element-ec89367 elementor-widget elementor-widget-text-editor\" data-id=\"ec89367\" data-element_type=\"widget\" data-widget_type=\"text-editor.default\">\n\t\t\t\t<div class=\"elementor-widget-container\">\n\t\t\t\t\t\t\t\t\tALL-INCLUSIVE OFFER<\t\t\t\t\t\t\t\t<\/div>\n\t\t\t\t<\/div>\n\t\t\t\t\t<\/div>\n\t\t\t\t<\/div>\n\t\t<div class=\"elementor-element elementor-element-dc1dd0a e-flex e-con-boxed e-con e-parent\" data-id=\"dc1dd0a\" data-element_type=\"container\">\n\t\t\t\t\t<div class=\"e-con-inner\">\n\t\t<div class=\"elementor-element elementor-element-418133f e-con-full animated-slow e-flex elementor-invisible e-con e-child\" data-id=\"418133f\" data-element_type=\"container\" data-settings=\"{&quot;background_background&quot;:&quot;classic&quot;,&quot;animation&quot;:&quot;fadeIn&quot;}\">\n\t\t\t\t<div class=\"elementor-element elementor-element-14fd771 elementor-widget elementor-widget-text-editor\" data-id=\"14fd771\" data-element_type=\"widget\" data-widget_type=\"text-editor.default\">\n\t\t\t\t<div class=\"elementor-widget-container\">\n\t\t\t\t\t\t\t\t\t<div class=\"fusion-text\">\n<h3 data-fontsize=\"25\" data-lineheight=\"27\">ALL-INCLUSIVE OFFER<\/h3>\n<\/div>\n<div class=\"fusion-text\">\n<p>- Optional celebration hall: large (180 m2) \/ small (47 m2) \/ lake (100 m2)<br>- based on number of guests<br>- Gala dinner (cold, hot dishes, starters)<br>- Fruit and vegetable waters (juice, table water, coffee, tea)<\/p>\n<p>For an offer, please contact:<br>Au\u0161ra<a href=\"tel:+37068535303\">&nbsp;tel:<\/a>&nbsp;<strong><a href=\"tel:+37068535303\">+370 685 35303<\/a><br><\/strong><a href=\"mailto:vadyba@margis.lt\">vadyba@margis.lt<\/a><\/p>\n<\/div>\t\t\t\t\t\t\t\t<\/div>\n\t\t\t\t<\/div>\n\t\t\t\t<\/div>\n\t\t<div class=\"elementor-element elementor-element-97bf758 e-con-full animated-slow e-flex elementor-invisible e-con e-child\" data-id=\"97bf758\" data-element_type=\"container\" data-settings=\"{&quot;background_background&quot;:&quot;classic&quot;,&quot;animation&quot;:&quot;fadeIn&quot;}\">\n\t\t\t\t<div class=\"elementor-element elementor-element-80d7680 elementor-widget elementor-widget-text-editor\" data-id=\"80d7680\" data-element_type=\"widget\" data-widget_type=\"text-editor.default\">\n\t\t\t\t<div class=\"elementor-widget-container\">\n\t\t\t\t\t\t\t\t\t<p><strong>MORE DETAILED INFORMATION<\/strong><br \/><strong>HERE:<\/strong><\/p><p>Au\u0161ra, tel.\u00a0<a href=\"tel:+37068535303\">+370 685 35303<\/a><br \/><a href=\"mailto:vadyba@margis.lt\">vadyba@margis.lt<\/a><\/p>\t\t\t\t\t\t\t\t<\/div>\n\t\t\t\t<\/div>\n\t\t\t\t<\/div>\n\t\t\t\t\t<\/div>\n\t\t\t\t<\/div>\n\t\t\t\t<\/div>","protected":false},"excerpt":{"rendered":"<p>Renginiai \u012fmon\u0117ms PASI\u016aLYMAS \u201eVISKAS \u012eSKAI\u010cIUOTA\u201d< PASI\u016aLYMAS \u201eVISKAS \u012eSKAI\u010cIUOTA\u201d \u2013 Sal\u0117 \u0161ventei pasirinktinai: Did\u017eioji (180 m2) \/ Ma\u017eoji (47 m2 \/ E\u017eero (100 m2)\u2013 derinama pagal sve\u010di\u0173 skai\u010di\u0173\u2013 \u0160ventin\u0117 vakarien\u0117 (\u0161alti, kar\u0161ti patiekalai, u\u017ekandukai)\u2013 Vaisvandeniai (sultys, stalo vanduo, kava, arbata) D\u0117l pasi\u016blymo teirautis:Au\u0161ra&nbsp;tel:&nbsp;+370 685 35303vadyba@margis.lt DETALESN\u0118 INFORMACIJ\u0104MIELAI SUTEIKSIME: Au\u0161ra, tel.\u00a0+370 685 35303vadyba@margis.lt\n<\/p>","protected":false},"author":1,"featured_media":0,"parent":0,"menu_order":0,"comment_status":"closed","ping_status":"closed","template":"","meta":{"footnotes":""},"class_list":["post-1978","page","type-page","status-publish","hentry"],"blocksy_meta":{"has_hero_section":"disabled","styles_descriptor":{"styles":{"desktop":"","tablet":"","mobile":""},"google_fonts":[],"version":6}},"_links":{"self":[{"href":"https:\/\/margis.lt\/en\/wp-json\/wp\/v2\/pages\/1978","targetHints":{"allow":["GET"]}}],"collection":[{"href":"https:\/\/margis.lt\/en\/wp-json\/wp\/v2\/pages"}],"about":[{"href":"https:\/\/margis.lt\/en\/wp-json\/wp\/v2\/types\/page"}],"author":[{"embeddable":true,"href":"https:\/\/margis.lt\/en\/wp-json\/wp\/v2\/users\/1"}],"replies":[{"embeddable":true,"href":"https:\/\/margis.lt\/en\/wp-json\/wp\/v2\/comments?post=1978"}],"version-history":[{"count":16,"href":"https:\/\/margis.lt\/en\/wp-json\/wp\/v2\/pages\/1978\/revisions"}],"predecessor-version":[{"id":2955,"href":"https:\/\/margis.lt\/en\/wp-json\/wp\/v2\/pages\/1978\/revisions\/2955"}],"wp:attachment":[{"href":"https:\/\/margis.lt\/en\/wp-json\/wp\/v2\/media?parent=1978"}],"curies":[{"name":"wp","href":"https:\/\/api.w.org\/{rel}","templated":true}]}}